{"id":1010844,"date":"2023-04-14T08:30:42","date_gmt":"2023-04-14T06:30:42","guid":{"rendered":"https:\/\/poderebucine-chianti.com\/prodotto\/natives-olivenoel-extra-in-3-liter-dose\/"},"modified":"2026-04-17T10:44:47","modified_gmt":"2026-04-17T08:44:47","slug":"natives-olivenoel-extra-in-3-liter-dose","status":"publish","type":"product","link":"https:\/\/poderebucine-chianti.com\/de\/prodotto\/natives-olivenoel-extra-in-3-liter-dose\/","title":{"rendered":"Natives Oliven\u00f6l extra in 3-Liter-Dose"},"content":{"rendered":"\t\t<div data-elementor-type=\"product-post\" data-elementor-id=\"1010844\" class=\"elementor elementor-1010844 elementor-990792\" data-elementor-post-type=\"product\">\n\t\t\t\t\t\t<section class=\"elementor-section elementor-top-section elementor-element elementor-element-551591a elementor-section-boxed elementor-section-height-default elementor-section-height-default\" data-id=\"551591a\" data-element_type=\"section\" data-e-type=\"section\">\n\t\t\t\t\t\t<div class=\"elementor-container elementor-column-gap-default\">\n\t\t\t\t\t<div class=\"elementor-column elementor-col-100 elementor-top-column elementor-element elementor-element-0d07dc3\" data-id=\"0d07dc3\" data-element_type=\"column\" data-e-type=\"column\">\n\t\t\t<div class=\"elementor-widget-wrap elementor-element-populated\">\n\t\t\t\t\t\t<div class=\"elementor-element elementor-element-f02fa55 elementor-widget elementor-widget-heading\" data-id=\"f02fa55\" data-element_type=\"widget\" data-e-type=\"widget\" data-widget_type=\"heading.default\">\n\t\t\t\t<div class=\"elementor-widget-container\">\n\t\t\t\t\t<h5 class=\"elementor-heading-title elementor-size-default\">Technisches Datenblatt<\/h5>\t\t\t\t<\/div>\n\t\t\t\t<\/div>\n\t\t\t\t<div class=\"elementor-element elementor-element-aa4164a elementor-widget elementor-widget-text-editor\" data-id=\"aa4164a\" data-element_type=\"widget\" data-e-type=\"widget\" data-widget_type=\"text-editor.default\">\n\t\t\t\t<div class=\"elementor-widget-container\">\n\t\t\t\t\t\t\t\t\t<p><strong>Produktionsjahr<\/strong>: 2024<br><strong>Kategorie<\/strong>: Natives Oliven\u00f6l extra<br><strong>Oliven \u0441\u043e\u0440\u0442en<\/strong>: Moraiolo, Leccino, Frantoio, Maremmano, Morcaio<br><strong>Erntesystem<\/strong>: Manuelle Ernte<br><strong>Speiseempfehlung<\/strong>: H\u00fclsenfruchtsuppen, Favabohnensuppe mit Chicor\u00e9e, rotes Fleisch, Schweinefleisch, Wild, gereifte K\u00e4sesorten, Salate, Gem\u00fcse und Bruschetta<\/p>\t\t\t\t\t\t\t\t<\/div>\n\t\t\t\t<\/div>\n\t\t\t\t<section class=\"elementor-section elementor-inner-section elementor-element elementor-element-db53df0 elementor-section-boxed elementor-section-height-default elementor-section-height-default\" data-id=\"db53df0\" data-element_type=\"section\" data-e-type=\"section\">\n\t\t\t\t\t\t<div class=\"elementor-container elementor-column-gap-no\">\n\t\t\t\t\t<div class=\"elementor-column elementor-col-50 elementor-inner-column elementor-element elementor-element-2f876cb\" data-id=\"2f876cb\" data-element_type=\"column\" data-e-type=\"column\">\n\t\t\t<div class=\"elementor-widget-wrap elementor-element-populated\">\n\t\t\t\t\t\t<div class=\"elementor-element elementor-element-2d6c0fb elementor-position-left elementor-vertical-align-top elementor-widget elementor-widget-image-box\" data-id=\"2d6c0fb\" data-element_type=\"widget\" data-e-type=\"widget\" data-widget_type=\"image-box.default\">\n\t\t\t\t<div class=\"elementor-widget-container\">\n\t\t\t\t\t<div  class=\"elementor-image-box-wrapper\"><figure class=\"elementor-image-box-img\"><img fetchpriority=\"high\" decoding=\"async\" width=\"501\" height=\"501\" src=\"https:\/\/poderebucine-chianti.com\/wp-content\/uploads\/2023\/02\/Olio-formato.png\" class=\"attachment-full size-full wp-image-988615\" alt=\"\" srcset=\"https:\/\/poderebucine-chianti.com\/wp-content\/uploads\/2023\/02\/Olio-formato.png 501w, https:\/\/poderebucine-chianti.com\/wp-content\/uploads\/2023\/02\/Olio-formato-420x420.png 420w, https:\/\/poderebucine-chianti.com\/wp-content\/uploads\/2023\/02\/Olio-formato-315x315.png 315w, https:\/\/poderebucine-chianti.com\/wp-content\/uploads\/2023\/02\/Olio-formato-300x300.png 300w, https:\/\/poderebucine-chianti.com\/wp-content\/uploads\/2023\/02\/Olio-formato-150x150.png 150w, https:\/\/poderebucine-chianti.com\/wp-content\/uploads\/2023\/02\/Olio-formato-50x50.png 50w, https:\/\/poderebucine-chianti.com\/wp-content\/uploads\/2023\/02\/Olio-formato-100x100.png 100w\" sizes=\"(max-width: 501px) 100vw, 501px\" \/><\/figure><div class=\"elementor-image-box-content\"><p class=\"elementor-image-box-description\"><b>FORMAT<\/b>:<br>3 l Metallkanister<\/p><\/div><\/div>\t\t\t\t<\/div>\n\t\t\t\t<\/div>\n\t\t\t\t<div class=\"elementor-element elementor-element-3650d66 elementor-position-left elementor-vertical-align-top elementor-widget elementor-widget-image-box\" data-id=\"3650d66\" data-element_type=\"widget\" data-e-type=\"widget\" data-widget_type=\"image-box.default\">\n\t\t\t\t<div class=\"elementor-widget-container\">\n\t\t\t\t\t<div  class=\"elementor-image-box-wrapper\"><figure class=\"elementor-image-box-img\"><img decoding=\"async\" width=\"501\" height=\"501\" src=\"https:\/\/poderebucine-chianti.com\/wp-content\/uploads\/2023\/02\/Olio-acidita.png\" class=\"attachment-full size-full wp-image-988614\" alt=\"\" srcset=\"https:\/\/poderebucine-chianti.com\/wp-content\/uploads\/2023\/02\/Olio-acidita.png 501w, https:\/\/poderebucine-chianti.com\/wp-content\/uploads\/2023\/02\/Olio-acidita-420x420.png 420w, https:\/\/poderebucine-chianti.com\/wp-content\/uploads\/2023\/02\/Olio-acidita-315x315.png 315w, https:\/\/poderebucine-chianti.com\/wp-content\/uploads\/2023\/02\/Olio-acidita-300x300.png 300w, https:\/\/poderebucine-chianti.com\/wp-content\/uploads\/2023\/02\/Olio-acidita-150x150.png 150w, https:\/\/poderebucine-chianti.com\/wp-content\/uploads\/2023\/02\/Olio-acidita-50x50.png 50w, https:\/\/poderebucine-chianti.com\/wp-content\/uploads\/2023\/02\/Olio-acidita-100x100.png 100w\" sizes=\"(max-width: 501px) 100vw, 501px\" \/><\/figure><div class=\"elementor-image-box-content\"><p class=\"elementor-image-box-description\"><b>S\u00c4UREGEHALT<\/b>:<br>0,4 %<\/p><\/div><\/div>\t\t\t\t<\/div>\n\t\t\t\t<\/div>\n\t\t\t\t\t<\/div>\n\t\t<\/div>\n\t\t\t\t<div class=\"elementor-column elementor-col-50 elementor-inner-column elementor-element elementor-element-5c786e8\" data-id=\"5c786e8\" data-element_type=\"column\" data-e-type=\"column\">\n\t\t\t<div class=\"elementor-widget-wrap elementor-element-populated\">\n\t\t\t\t\t\t<div class=\"elementor-element elementor-element-8b16b7c elementor-position-left elementor-vertical-align-top elementor-widget elementor-widget-image-box\" data-id=\"8b16b7c\" data-element_type=\"widget\" data-e-type=\"widget\" data-widget_type=\"image-box.default\">\n\t\t\t\t<div class=\"elementor-widget-container\">\n\t\t\t\t\t<div  class=\"elementor-image-box-wrapper\"><figure class=\"elementor-image-box-img\"><img decoding=\"async\" width=\"501\" height=\"501\" src=\"https:\/\/poderebucine-chianti.com\/wp-content\/uploads\/2023\/02\/Olio-valori-nutrizionali.png\" class=\"attachment-full size-full wp-image-988612\" alt=\"\" srcset=\"https:\/\/poderebucine-chianti.com\/wp-content\/uploads\/2023\/02\/Olio-valori-nutrizionali.png 501w, https:\/\/poderebucine-chianti.com\/wp-content\/uploads\/2023\/02\/Olio-valori-nutrizionali-420x420.png 420w, https:\/\/poderebucine-chianti.com\/wp-content\/uploads\/2023\/02\/Olio-valori-nutrizionali-315x315.png 315w, https:\/\/poderebucine-chianti.com\/wp-content\/uploads\/2023\/02\/Olio-valori-nutrizionali-300x300.png 300w, https:\/\/poderebucine-chianti.com\/wp-content\/uploads\/2023\/02\/Olio-valori-nutrizionali-150x150.png 150w, https:\/\/poderebucine-chianti.com\/wp-content\/uploads\/2023\/02\/Olio-valori-nutrizionali-50x50.png 50w, https:\/\/poderebucine-chianti.com\/wp-content\/uploads\/2023\/02\/Olio-valori-nutrizionali-100x100.png 100w\" sizes=\"(max-width: 501px) 100vw, 501px\" \/><\/figure><div class=\"elementor-image-box-content\"><p class=\"elementor-image-box-description\"><b>N\u00c4HRWERTE<\/b>:<br>828 kcal \/ 100 ml<\/p><\/div><\/div>\t\t\t\t<\/div>\n\t\t\t\t<\/div>\n\t\t\t\t<div class=\"elementor-element elementor-element-9a10129 elementor-position-left elementor-vertical-align-top elementor-widget elementor-widget-image-box\" data-id=\"9a10129\" data-element_type=\"widget\" data-e-type=\"widget\" data-widget_type=\"image-box.default\">\n\t\t\t\t<div class=\"elementor-widget-container\">\n\t\t\t\t\t<div  class=\"elementor-image-box-wrapper\"><figure class=\"elementor-image-box-img\"><img loading=\"lazy\" decoding=\"async\" width=\"501\" height=\"501\" src=\"https:\/\/poderebucine-chianti.com\/wp-content\/uploads\/2023\/02\/Olio-produzione.png\" class=\"attachment-full size-full wp-image-988611\" alt=\"\" srcset=\"https:\/\/poderebucine-chianti.com\/wp-content\/uploads\/2023\/02\/Olio-produzione.png 501w, https:\/\/poderebucine-chianti.com\/wp-content\/uploads\/2023\/02\/Olio-produzione-420x420.png 420w, https:\/\/poderebucine-chianti.com\/wp-content\/uploads\/2023\/02\/Olio-produzione-315x315.png 315w, https:\/\/poderebucine-chianti.com\/wp-content\/uploads\/2023\/02\/Olio-produzione-300x300.png 300w, https:\/\/poderebucine-chianti.com\/wp-content\/uploads\/2023\/02\/Olio-produzione-150x150.png 150w, https:\/\/poderebucine-chianti.com\/wp-content\/uploads\/2023\/02\/Olio-produzione-50x50.png 50w, https:\/\/poderebucine-chianti.com\/wp-content\/uploads\/2023\/02\/Olio-produzione-100x100.png 100w\" sizes=\"(max-width: 501px) 100vw, 501px\" \/><\/figure><div class=\"elementor-image-box-content\"><p class=\"elementor-image-box-description\"><b>PRODUKTIONSGEBIET<\/b>:<br>Montefioralle<\/p><\/div><\/div>\t\t\t\t<\/div>\n\t\t\t\t<\/div>\n\t\t\t\t\t<\/div>\n\t\t<\/div>\n\t\t\t\t\t<\/div>\n\t\t<\/section>\n\t\t\t\t\t<\/div>\n\t\t<\/div>\n\t\t\t\t\t<\/div>\n\t\t<\/section>\n\t\t\t\t<\/div>\n\t\t","protected":false},"excerpt":{"rendered":"<p>Oliven\u00f6l aus der zweiten Ernte, hergestellt aus reiferen Oliven, die innerhalb von 3 Tagen nach der Ernte zur \u00d6lm\u00fchle gebracht werden. Ungefiltert. In den ersten Tagen nach der Pressung eher w\u00fcrzig und intensiv, wird es nach einigen Monaten milder und eignet sich hervorragend f\u00fcr jede Art von Gericht. Dieses \u00d6l wird aus allen unseren Olivensorten hergestellt: Moraiolo, Leccino, Frantoio, Maremmano und Morcaio. Auch dieses \u00d6l wird ausschlie\u00dflich aus unseren eigenen Oliven produziert und in der \u00d6lm\u00fchle von Grevepesa verarbeitet, nur wenige Kilometer von unserem landwirtschaftlichen Betrieb entfernt.   <\/p>\n","protected":false},"featured_media":1010845,"comment_status":"closed","ping_status":"closed","template":"","meta":[],"product_brand":[],"product_cat":[298],"product_tag":[329,328,325,318,309],"class_list":{"0":"post-1010844","1":"product","2":"type-product","3":"status-publish","4":"has-post-thumbnail","6":"product_cat-extra-natives-olivenol","7":"product_tag-evo","8":"product_tag-latta","9":"product_tag-olio","10":"product_tag-podere-bucine","11":"product_tag-toskana","13":"first","14":"outofstock","15":"shipping-taxable","16":"purchasable","17":"product-type-simple"},"booking_location":null,"booking_location_type":null,"booking_duration":null,"booking_duration_unit":null,"booking_buffer":null,"booking_cost":null,"booking_resources":null,"aioseo_notices":[],"_links":{"self":[{"href":"https:\/\/poderebucine-chianti.com\/de\/wp-json\/wp\/v2\/product\/1010844","targetHints":{"allow":["GET"]}}],"collection":[{"href":"https:\/\/poderebucine-chianti.com\/de\/wp-json\/wp\/v2\/product"}],"about":[{"href":"https:\/\/poderebucine-chianti.com\/de\/wp-json\/wp\/v2\/types\/product"}],"replies":[{"embeddable":true,"href":"https:\/\/poderebucine-chianti.com\/de\/wp-json\/wp\/v2\/comments?post=1010844"}],"version-history":[{"count":1,"href":"https:\/\/poderebucine-chianti.com\/de\/wp-json\/wp\/v2\/product\/1010844\/revisions"}],"predecessor-version":[{"id":1010846,"href":"https:\/\/poderebucine-chianti.com\/de\/wp-json\/wp\/v2\/product\/1010844\/revisions\/1010846"}],"wp:featuredmedia":[{"embeddable":true,"href":"https:\/\/poderebucine-chianti.com\/de\/wp-json\/wp\/v2\/media\/1010845"}],"wp:attachment":[{"href":"https:\/\/poderebucine-chianti.com\/de\/wp-json\/wp\/v2\/media?parent=1010844"}],"wp:term":[{"taxonomy":"product_brand","embeddable":true,"href":"https:\/\/poderebucine-chianti.com\/de\/wp-json\/wp\/v2\/product_brand?post=1010844"},{"taxonomy":"product_cat","embeddable":true,"href":"https:\/\/poderebucine-chianti.com\/de\/wp-json\/wp\/v2\/product_cat?post=1010844"},{"taxonomy":"product_tag","embeddable":true,"href":"https:\/\/poderebucine-chianti.com\/de\/wp-json\/wp\/v2\/product_tag?post=1010844"}],"curies":[{"name":"wp","href":"https:\/\/api.w.org\/{rel}","templated":true}]}}