{"id":1009798,"date":"2023-04-14T13:16:46","date_gmt":"2023-04-14T12:16:46","guid":{"rendered":"https:\/\/poderebucine-chianti.com\/prodotto\/wein-und-olivenoelverkostung-mit-toskanischer-platte\/"},"modified":"2026-04-17T10:38:13","modified_gmt":"2026-04-17T08:38:13","slug":"wein-und-olivenoelverkostung-mit-toskanischer-platte","status":"publish","type":"product","link":"https:\/\/poderebucine-chianti.com\/de\/prodotto\/wein-und-olivenoelverkostung-mit-toskanischer-platte\/","title":{"rendered":"Wein- und Oliven\u00f6lverkostung mit toskanischer Platte"},"content":{"rendered":"","protected":false},"excerpt":{"rendered":"<p>In unserer restaurierten Scheune oder \u2013 in den Sommermonaten \u2013 im Freien unter der Pergola lassen wir unsere Besucher alle unsere Weine, sowohl Rot- als auch Wei\u00dfweine, verkosten, begleitet von frischen Taralli sowie unserem nativen Oliven\u00f6l extra auf frisch gebackenem toskanischem Brot, zusammen mit einer reichhaltigen toskanischen Platte aus Wurst- und K\u00e4sespezialit\u00e4ten sowie Bruschetta.<\/p>\n<p><div><strong>Diese Verkostung beinhaltet:<\/strong><\/div>\n<div>\u2013 Verkostung von zwei Jahrg\u00e4ngen Chianti Classico<\/div>\n<div>\u2013 Verkostung eines Wei\u00dfweins<\/div>\n<div>\u2013 Verkostung eines Ros\u00e9weins<\/div>\n<div>\u2013 Natives Oliven\u00f6l extra<\/div>\n<div>\u2013 Bruschetta mit Tomaten<\/div>\n<div>\u2013 Reichhaltige toskanische Platte mit Wurst- und K\u00e4sespezialit\u00e4ten<\/div>\n","protected":false},"featured_media":1010835,"comment_status":"closed","ping_status":"closed","template":"","meta":[],"product_brand":[],"product_cat":[300,301],"product_tag":[310,322,320,325,318,326,323,321,319],"class_list":{"0":"post-1009798","1":"product","2":"type-product","3":"status-publish","4":"has-post-thumbnail","6":"product_cat-erfahrungen","7":"product_cat-verkosten","8":"product_tag-chianti","9":"product_tag-degustazione","10":"product_tag-esperienze","11":"product_tag-olio","12":"product_tag-podere-bucine","13":"product_tag-tagliere-toscano","14":"product_tag-vini","15":"product_tag-visitare","16":"product_tag-wine","18":"first","19":"instock","20":"virtual","21":"sold-individually","22":"purchasable","23":"product-type-booking"},"booking_location":"","booking_location_type":"","booking_duration":60,"booking_duration_unit":"minute","booking_buffer":0,"booking_cost":30,"booking_resources":[],"aioseo_notices":[],"_links":{"self":[{"href":"https:\/\/poderebucine-chianti.com\/de\/wp-json\/wp\/v2\/product\/1009798","targetHints":{"allow":["GET"]}}],"collection":[{"href":"https:\/\/poderebucine-chianti.com\/de\/wp-json\/wp\/v2\/product"}],"about":[{"href":"https:\/\/poderebucine-chianti.com\/de\/wp-json\/wp\/v2\/types\/product"}],"replies":[{"embeddable":true,"href":"https:\/\/poderebucine-chianti.com\/de\/wp-json\/wp\/v2\/comments?post=1009798"}],"version-history":[{"count":1,"href":"https:\/\/poderebucine-chianti.com\/de\/wp-json\/wp\/v2\/product\/1009798\/revisions"}],"predecessor-version":[{"id":1010114,"href":"https:\/\/poderebucine-chianti.com\/de\/wp-json\/wp\/v2\/product\/1009798\/revisions\/1010114"}],"wp:featuredmedia":[{"embeddable":true,"href":"https:\/\/poderebucine-chianti.com\/de\/wp-json\/wp\/v2\/media\/1010835"}],"wp:attachment":[{"href":"https:\/\/poderebucine-chianti.com\/de\/wp-json\/wp\/v2\/media?parent=1009798"}],"wp:term":[{"taxonomy":"product_brand","embeddable":true,"href":"https:\/\/poderebucine-chianti.com\/de\/wp-json\/wp\/v2\/product_brand?post=1009798"},{"taxonomy":"product_cat","embeddable":true,"href":"https:\/\/poderebucine-chianti.com\/de\/wp-json\/wp\/v2\/product_cat?post=1009798"},{"taxonomy":"product_tag","embeddable":true,"href":"https:\/\/poderebucine-chianti.com\/de\/wp-json\/wp\/v2\/product_tag?post=1009798"}],"curies":[{"name":"wp","href":"https:\/\/api.w.org\/{rel}","templated":true}]}}