{"id":1008807,"date":"2023-04-14T13:23:51","date_gmt":"2023-04-14T12:23:51","guid":{"rendered":"https:\/\/poderebucine-chianti.com\/prodotto\/kellerbesichtigung-mit-spaziergang-wein-und-olivenoelverkostung-mit-toskanischer-platte\/"},"modified":"2026-04-17T10:32:42","modified_gmt":"2026-04-17T08:32:42","slug":"kellerbesichtigung-mit-spaziergang-wein-und-olivenoelverkostung-mit-toskanischer-platte","status":"publish","type":"product","link":"https:\/\/poderebucine-chianti.com\/de\/prodotto\/kellerbesichtigung-mit-spaziergang-wein-und-olivenoelverkostung-mit-toskanischer-platte\/","title":{"rendered":"Kellerbesichtigung mit Spaziergang, Wein- und Oliven\u00f6lverkostung mit toskanischer Platte"},"content":{"rendered":"","protected":false},"excerpt":{"rendered":"<p>Spaziergang durch Weinberge und Olivenhaine, mit Besichtigung unseres Weinkellers und Verkostung unserer Rot- und Wei\u00dfweine sowie unseres nativen Oliven\u00f6ls extra, begleitet von einer typisch toskanischen Platte mit Wurst- und K\u00e4sespezialit\u00e4ten sowie Bruschetta \u2013 entweder in unserer restaurierten Scheune oder im Freien unter der Pergola (in den Sommermonaten).<\/p>\n<div><\/div>\n<div>\n<div><strong>Diese Verkostung beinhaltet:<\/strong><\/div>\n<div>\u2013 Besuch unserer alten Weinberge<\/div>\n<div>\u2013 Besichtigung unseres Weinkellers<\/div>\n<div>\u2013 Verkostung von zwei Jahrg\u00e4ngen Chianti Classico<\/div>\n<div>\u2013 Verkostung eines Wei\u00dfweins<\/div>\n<div>\u2013 Verkostung eines Ros\u00e9weins<\/div>\n<div>\u2013 Natives Oliven\u00f6l extra<\/div>\n<div>\u2013 Bruschetta mit Tomaten<\/div>\n<div>\u2013 Toskanische Platte mit Wurst- und K\u00e4sespezialit\u00e4ten<\/div>\n<\/div>\n","protected":false},"featured_media":1008808,"comment_status":"closed","ping_status":"closed","template":"","meta":[],"product_brand":[],"product_cat":[302,300],"product_tag":[310,322,320,325,318,326,323,321,319],"class_list":{"0":"post-1008807","1":"product","2":"type-product","3":"status-publish","4":"has-post-thumbnail","6":"product_cat-besuchen","7":"product_cat-erfahrungen","8":"product_tag-chianti","9":"product_tag-degustazione","10":"product_tag-esperienze","11":"product_tag-olio","12":"product_tag-podere-bucine","13":"product_tag-tagliere-toscano","14":"product_tag-vini","15":"product_tag-visitare","16":"product_tag-wine","18":"first","19":"instock","20":"virtual","21":"sold-individually","22":"purchasable","23":"product-type-booking"},"booking_location":"","booking_location_type":"","booking_duration":60,"booking_duration_unit":"minute","booking_buffer":0,"booking_cost":35,"booking_resources":[],"aioseo_notices":[],"_links":{"self":[{"href":"https:\/\/poderebucine-chianti.com\/de\/wp-json\/wp\/v2\/product\/1008807","targetHints":{"allow":["GET"]}}],"collection":[{"href":"https:\/\/poderebucine-chianti.com\/de\/wp-json\/wp\/v2\/product"}],"about":[{"href":"https:\/\/poderebucine-chianti.com\/de\/wp-json\/wp\/v2\/types\/product"}],"replies":[{"embeddable":true,"href":"https:\/\/poderebucine-chianti.com\/de\/wp-json\/wp\/v2\/comments?post=1008807"}],"version-history":[{"count":1,"href":"https:\/\/poderebucine-chianti.com\/de\/wp-json\/wp\/v2\/product\/1008807\/revisions"}],"predecessor-version":[{"id":1009137,"href":"https:\/\/poderebucine-chianti.com\/de\/wp-json\/wp\/v2\/product\/1008807\/revisions\/1009137"}],"wp:featuredmedia":[{"embeddable":true,"href":"https:\/\/poderebucine-chianti.com\/de\/wp-json\/wp\/v2\/media\/1008808"}],"wp:attachment":[{"href":"https:\/\/poderebucine-chianti.com\/de\/wp-json\/wp\/v2\/media?parent=1008807"}],"wp:term":[{"taxonomy":"product_brand","embeddable":true,"href":"https:\/\/poderebucine-chianti.com\/de\/wp-json\/wp\/v2\/product_brand?post=1008807"},{"taxonomy":"product_cat","embeddable":true,"href":"https:\/\/poderebucine-chianti.com\/de\/wp-json\/wp\/v2\/product_cat?post=1008807"},{"taxonomy":"product_tag","embeddable":true,"href":"https:\/\/poderebucine-chianti.com\/de\/wp-json\/wp\/v2\/product_tag?post=1008807"}],"curies":[{"name":"wp","href":"https:\/\/api.w.org\/{rel}","templated":true}]}}