{"id":1008545,"date":"2024-03-13T18:16:41","date_gmt":"2024-03-13T17:16:41","guid":{"rendered":"https:\/\/poderebucine-chianti.com\/prodotto\/lore-toskanischer-rosewein-igt-2023\/"},"modified":"2026-04-17T10:09:06","modified_gmt":"2026-04-17T08:09:06","slug":"lore-toskanischer-rosewein-igt-2023","status":"publish","type":"product","link":"https:\/\/poderebucine-chianti.com\/de\/prodotto\/lore-toskanischer-rosewein-igt-2023\/","title":{"rendered":"Lor\u00e8 &#8211; Toskanischer Ros\u00e9wein IGT 2023"},"content":{"rendered":"\t\t<div data-elementor-type=\"product-post\" data-elementor-id=\"1008545\" class=\"elementor elementor-1008545 elementor-993989\" data-elementor-post-type=\"product\">\n\t\t\t\t\t\t<section class=\"elementor-section elementor-top-section elementor-element elementor-element-35417d4 elementor-section-boxed elementor-section-height-default elementor-section-height-default\" data-id=\"35417d4\" data-element_type=\"section\" data-e-type=\"section\">\n\t\t\t\t\t\t<div class=\"elementor-container elementor-column-gap-default\">\n\t\t\t\t\t<div class=\"elementor-column elementor-col-100 elementor-top-column elementor-element elementor-element-1db7f76\" data-id=\"1db7f76\" data-element_type=\"column\" data-e-type=\"column\">\n\t\t\t<div class=\"elementor-widget-wrap elementor-element-populated\">\n\t\t\t\t\t\t<div class=\"elementor-element elementor-element-15f1427 elementor-widget elementor-widget-heading\" data-id=\"15f1427\" data-element_type=\"widget\" data-e-type=\"widget\" data-widget_type=\"heading.default\">\n\t\t\t\t<div class=\"elementor-widget-container\">\n\t\t\t\t\t<h5 class=\"elementor-heading-title elementor-size-default\">Technisches Datenblatt<\/h5>\t\t\t\t<\/div>\n\t\t\t\t<\/div>\n\t\t\t\t<div class=\"elementor-element elementor-element-5ea26ea elementor-widget elementor-widget-text-editor\" data-id=\"5ea26ea\" data-element_type=\"widget\" data-e-type=\"widget\" data-widget_type=\"text-editor.default\">\n\t\t\t\t<div class=\"elementor-widget-container\">\n\t\t\t\t\t\t\t\t\t<p><strong>Jahrgang<\/strong>: 2023<br><strong>Kategorie<\/strong>: Toskanischer Ros\u00e9<br><strong>Herkunftsbezeichnung<\/strong>: IGT<br><strong>Anbaugebiet<\/strong>: Montefioralle, Greve in Chianti (FLORENZ)<br><strong>Speiseempfehlung<\/strong>: Vorspeisen mit Fisch oder Gem\u00fcse, Fischgerichte sowie frische K\u00e4sesorten<\/p>\t\t\t\t\t\t\t\t<\/div>\n\t\t\t\t<\/div>\n\t\t\t\t<section class=\"elementor-section elementor-inner-section elementor-element elementor-element-92f6cb8 elementor-section-boxed elementor-section-height-default elementor-section-height-default\" data-id=\"92f6cb8\" data-element_type=\"section\" data-e-type=\"section\">\n\t\t\t\t\t\t<div class=\"elementor-container elementor-column-gap-no\">\n\t\t\t\t\t<div class=\"elementor-column elementor-col-50 elementor-inner-column elementor-element elementor-element-ddd1ccb\" data-id=\"ddd1ccb\" data-element_type=\"column\" data-e-type=\"column\">\n\t\t\t<div class=\"elementor-widget-wrap elementor-element-populated\">\n\t\t\t\t\t\t<div class=\"elementor-element elementor-element-fe029f6 elementor-position-left elementor-vertical-align-top elementor-widget elementor-widget-image-box\" data-id=\"fe029f6\" data-element_type=\"widget\" data-e-type=\"widget\" data-widget_type=\"image-box.default\">\n\t\t\t\t<div class=\"elementor-widget-container\">\n\t\t\t\t\t<div  class=\"elementor-image-box-wrapper\"><figure class=\"elementor-image-box-img\"><img fetchpriority=\"high\" decoding=\"async\" width=\"500\" height=\"500\" src=\"https:\/\/poderebucine-chianti.com\/wp-content\/uploads\/2023\/02\/Vino-formato.png\" class=\"attachment-full size-full wp-image-988609\" alt=\"\" srcset=\"https:\/\/poderebucine-chianti.com\/wp-content\/uploads\/2023\/02\/Vino-formato.png 500w, https:\/\/poderebucine-chianti.com\/wp-content\/uploads\/2023\/02\/Vino-formato-420x420.png 420w, https:\/\/poderebucine-chianti.com\/wp-content\/uploads\/2023\/02\/Vino-formato-315x315.png 315w, https:\/\/poderebucine-chianti.com\/wp-content\/uploads\/2023\/02\/Vino-formato-300x300.png 300w, https:\/\/poderebucine-chianti.com\/wp-content\/uploads\/2023\/02\/Vino-formato-150x150.png 150w, https:\/\/poderebucine-chianti.com\/wp-content\/uploads\/2023\/02\/Vino-formato-50x50.png 50w, https:\/\/poderebucine-chianti.com\/wp-content\/uploads\/2023\/02\/Vino-formato-100x100.png 100w\" sizes=\"(max-width: 500px) 100vw, 500px\" \/><\/figure><div class=\"elementor-image-box-content\"><p class=\"elementor-image-box-description\"><b>FLASCHENGR\u00d6SSE<\/b>:<br>0,75 l<\/p><\/div><\/div>\t\t\t\t<\/div>\n\t\t\t\t<\/div>\n\t\t\t\t<div class=\"elementor-element elementor-element-2a40712 elementor-position-left elementor-vertical-align-top elementor-widget elementor-widget-image-box\" data-id=\"2a40712\" data-element_type=\"widget\" data-e-type=\"widget\" data-widget_type=\"image-box.default\">\n\t\t\t\t<div class=\"elementor-widget-container\">\n\t\t\t\t\t<div  class=\"elementor-image-box-wrapper\"><figure class=\"elementor-image-box-img\"><img decoding=\"async\" width=\"501\" height=\"500\" src=\"https:\/\/poderebucine-chianti.com\/wp-content\/uploads\/2023\/02\/Vino-servizio.png\" class=\"attachment-full size-full wp-image-988613\" alt=\"\" srcset=\"https:\/\/poderebucine-chianti.com\/wp-content\/uploads\/2023\/02\/Vino-servizio.png 501w, https:\/\/poderebucine-chianti.com\/wp-content\/uploads\/2023\/02\/Vino-servizio-420x419.png 420w, https:\/\/poderebucine-chianti.com\/wp-content\/uploads\/2023\/02\/Vino-servizio-315x315.png 315w, https:\/\/poderebucine-chianti.com\/wp-content\/uploads\/2023\/02\/Vino-servizio-300x300.png 300w, https:\/\/poderebucine-chianti.com\/wp-content\/uploads\/2023\/02\/Vino-servizio-150x150.png 150w, https:\/\/poderebucine-chianti.com\/wp-content\/uploads\/2023\/02\/Vino-servizio-50x50.png 50w, https:\/\/poderebucine-chianti.com\/wp-content\/uploads\/2023\/02\/Vino-servizio-100x100.png 100w\" sizes=\"(max-width: 501px) 100vw, 501px\" \/><\/figure><div class=\"elementor-image-box-content\"><p class=\"elementor-image-box-description\"><b>SERVIERTEMPERATUR<\/b>:<br>10\u201312 \u00b0C<\/p><\/div><\/div>\t\t\t\t<\/div>\n\t\t\t\t<\/div>\n\t\t\t\t\t<\/div>\n\t\t<\/div>\n\t\t\t\t<div class=\"elementor-column elementor-col-50 elementor-inner-column elementor-element elementor-element-f365433\" data-id=\"f365433\" data-element_type=\"column\" data-e-type=\"column\">\n\t\t\t<div class=\"elementor-widget-wrap elementor-element-populated\">\n\t\t\t\t\t\t<div class=\"elementor-element elementor-element-85530ec elementor-position-left elementor-vertical-align-top elementor-widget elementor-widget-image-box\" data-id=\"85530ec\" data-element_type=\"widget\" data-e-type=\"widget\" data-widget_type=\"image-box.default\">\n\t\t\t\t<div class=\"elementor-widget-container\">\n\t\t\t\t\t<div  class=\"elementor-image-box-wrapper\"><figure class=\"elementor-image-box-img\"><img decoding=\"async\" width=\"501\" height=\"500\" src=\"https:\/\/poderebucine-chianti.com\/wp-content\/uploads\/2023\/02\/Vino-gradazione.png\" class=\"attachment-full size-full wp-image-988610\" alt=\"\" srcset=\"https:\/\/poderebucine-chianti.com\/wp-content\/uploads\/2023\/02\/Vino-gradazione.png 501w, https:\/\/poderebucine-chianti.com\/wp-content\/uploads\/2023\/02\/Vino-gradazione-420x419.png 420w, https:\/\/poderebucine-chianti.com\/wp-content\/uploads\/2023\/02\/Vino-gradazione-315x315.png 315w, https:\/\/poderebucine-chianti.com\/wp-content\/uploads\/2023\/02\/Vino-gradazione-300x300.png 300w, https:\/\/poderebucine-chianti.com\/wp-content\/uploads\/2023\/02\/Vino-gradazione-150x150.png 150w, https:\/\/poderebucine-chianti.com\/wp-content\/uploads\/2023\/02\/Vino-gradazione-50x50.png 50w, https:\/\/poderebucine-chianti.com\/wp-content\/uploads\/2023\/02\/Vino-gradazione-100x100.png 100w\" sizes=\"(max-width: 501px) 100vw, 501px\" \/><\/figure><div class=\"elementor-image-box-content\"><p class=\"elementor-image-box-description\"><b>ALKOHOLGEHALT<\/b>:<br>12 % vol<\/p><\/div><\/div>\t\t\t\t<\/div>\n\t\t\t\t<\/div>\n\t\t\t\t<div class=\"elementor-element elementor-element-f1eb9c4 elementor-position-left elementor-vertical-align-top elementor-widget elementor-widget-image-box\" data-id=\"f1eb9c4\" data-element_type=\"widget\" data-e-type=\"widget\" data-widget_type=\"image-box.default\">\n\t\t\t\t<div class=\"elementor-widget-container\">\n\t\t\t\t\t<div  class=\"elementor-image-box-wrapper\"><figure class=\"elementor-image-box-img\"><img loading=\"lazy\" decoding=\"async\" width=\"501\" height=\"500\" src=\"https:\/\/poderebucine-chianti.com\/wp-content\/uploads\/2023\/02\/Vino-produzione.png\" class=\"attachment-full size-full wp-image-988616\" alt=\"\" srcset=\"https:\/\/poderebucine-chianti.com\/wp-content\/uploads\/2023\/02\/Vino-produzione.png 501w, https:\/\/poderebucine-chianti.com\/wp-content\/uploads\/2023\/02\/Vino-produzione-420x419.png 420w, https:\/\/poderebucine-chianti.com\/wp-content\/uploads\/2023\/02\/Vino-produzione-315x315.png 315w, https:\/\/poderebucine-chianti.com\/wp-content\/uploads\/2023\/02\/Vino-produzione-300x300.png 300w, https:\/\/poderebucine-chianti.com\/wp-content\/uploads\/2023\/02\/Vino-produzione-150x150.png 150w, https:\/\/poderebucine-chianti.com\/wp-content\/uploads\/2023\/02\/Vino-produzione-50x50.png 50w, https:\/\/poderebucine-chianti.com\/wp-content\/uploads\/2023\/02\/Vino-produzione-100x100.png 100w\" sizes=\"(max-width: 501px) 100vw, 501px\" \/><\/figure><div class=\"elementor-image-box-content\"><p class=\"elementor-image-box-description\"><b>REBSORTE<\/b>:<br>100 % Sangiovese aus alten Rebst\u00f6cken<\/p><\/div><\/div>\t\t\t\t<\/div>\n\t\t\t\t<\/div>\n\t\t\t\t\t<\/div>\n\t\t<\/div>\n\t\t\t\t\t<\/div>\n\t\t<\/section>\n\t\t\t\t\t<\/div>\n\t\t<\/div>\n\t\t\t\t\t<\/div>\n\t\t<\/section>\n\t\t\t\t<\/div>\n\t\t","protected":false},"excerpt":{"rendered":"<p>IGT-Ros\u00e9wein aus dem Chianti, hergestellt aus 100 % Sangiovese Grosso aus alten Weinbergen.<\/p>\n<p dir=\"ltr\"><strong>Lese<\/strong>: Von Hand in Kisten in der ersten Septemberdekade durchgef\u00fchrt<\/p>\n<p dir=\"ltr\"><strong>Sensorische Analyse<\/strong>: Zartes Ros\u00e9 mit feinem Farbton. Intensives und breites Bouquet mit floralen Noten, tropischen Fr\u00fcchten und feinen Ankl\u00e4ngen von Sur Lie. Am Gaumen mineralisch und frisch, mit einem angenehmen Abgang von roten Fr\u00fcchten. <\/p>\n","protected":false},"featured_media":1008546,"comment_status":"closed","ping_status":"closed","template":"","meta":[],"product_brand":[],"product_cat":[297],"product_tag":[312,311,313,309,314,308],"class_list":{"0":"post-1008545","1":"product","2":"type-product","3":"status-publish","4":"has-post-thumbnail","6":"product_cat-weine","7":"product_tag-312","8":"product_tag-classico","9":"product_tag-rosewein","10":"product_tag-toskana","11":"product_tag-toskanischer-rose","12":"product_tag-wein","14":"first","15":"outofstock","16":"shipping-taxable","17":"purchasable","18":"product-type-simple"},"booking_location":null,"booking_location_type":null,"booking_duration":null,"booking_duration_unit":null,"booking_buffer":null,"booking_cost":null,"booking_resources":null,"aioseo_notices":[],"_links":{"self":[{"href":"https:\/\/poderebucine-chianti.com\/de\/wp-json\/wp\/v2\/product\/1008545","targetHints":{"allow":["GET"]}}],"collection":[{"href":"https:\/\/poderebucine-chianti.com\/de\/wp-json\/wp\/v2\/product"}],"about":[{"href":"https:\/\/poderebucine-chianti.com\/de\/wp-json\/wp\/v2\/types\/product"}],"replies":[{"embeddable":true,"href":"https:\/\/poderebucine-chianti.com\/de\/wp-json\/wp\/v2\/comments?post=1008545"}],"version-history":[{"count":1,"href":"https:\/\/poderebucine-chianti.com\/de\/wp-json\/wp\/v2\/product\/1008545\/revisions"}],"predecessor-version":[{"id":1008547,"href":"https:\/\/poderebucine-chianti.com\/de\/wp-json\/wp\/v2\/product\/1008545\/revisions\/1008547"}],"wp:featuredmedia":[{"embeddable":true,"href":"https:\/\/poderebucine-chianti.com\/de\/wp-json\/wp\/v2\/media\/1008546"}],"wp:attachment":[{"href":"https:\/\/poderebucine-chianti.com\/de\/wp-json\/wp\/v2\/media?parent=1008545"}],"wp:term":[{"taxonomy":"product_brand","embeddable":true,"href":"https:\/\/poderebucine-chianti.com\/de\/wp-json\/wp\/v2\/product_brand?post=1008545"},{"taxonomy":"product_cat","embeddable":true,"href":"https:\/\/poderebucine-chianti.com\/de\/wp-json\/wp\/v2\/product_cat?post=1008545"},{"taxonomy":"product_tag","embeddable":true,"href":"https:\/\/poderebucine-chianti.com\/de\/wp-json\/wp\/v2\/product_tag?post=1008545"}],"curies":[{"name":"wp","href":"https:\/\/api.w.org\/{rel}","templated":true}]}}